{"id":403,"date":"2019-12-03T15:09:12","date_gmt":"2019-12-03T15:09:12","guid":{"rendered":"http:\/\/www.xxicomunitamontana.fr.it\/?page_id=403"},"modified":"2020-01-23T11:31:50","modified_gmt":"2020-01-23T11:31:50","slug":"home","status":"publish","type":"page","link":"https:\/\/www.xxicomunitamontana.fr.it\/","title":{"rendered":"Home"},"content":{"rendered":"\r\n<p><a href=\"http:\/\/www.xxicomunitamontana.fr.it\/wp-content\/uploads\/2020\/01\/logo.png\"><img decoding=\"async\" loading=\"lazy\" class=\"size-medium wp-image-457 alignnone\" src=\"http:\/\/www.xxicomunitamontana.fr.it\/wp-content\/uploads\/2020\/01\/logo-300x65.png\" alt=\"\" width=\"300\" height=\"65\" srcset=\"https:\/\/www.xxicomunitamontana.fr.it\/wp-content\/uploads\/2020\/01\/logo-300x65.png 300w, https:\/\/www.xxicomunitamontana.fr.it\/wp-content\/uploads\/2020\/01\/logo.png 500w\" sizes=\"(max-width: 300px) 100vw, 300px\" \/><\/a><\/p>\r\n<p>La Comunit\u00e0 Montana \u00e8 un Ente Locale dotato di personalit\u00e0 giuridica e di un proprio Statuto (complesso di norme che ne disciplinano l\u2019organizzazione e il funzionamento), costituito da Comuni Montani, il cui territorio \u00e8 compreso in una zona omogenea individuata con legge regionale. La legge 8 giugno 1990, n. 142, prevede quattro categorie di Enti Locali: il Comune, la Comunit\u00e0 Montana, la Provincia e la Regione.<\/p>\r\n\r\n\r\n\r\n<p>La Comunit\u00e0 Montana ha un proprio Consiglio in cui ogni Comune \u00e8 rappresentato dal Sindaco e da due Consiglieri comunali, di cui uno in rappresentanza delle minoranze, eletti dal Consiglio Comunale. Il Consiglio della Comunit\u00e0 Montana elegge a sua volta nel proprio seno la Giunta della Comunit\u00e0 Montana, composta da un Presidente, da un vice Presidente e da cinque Assessori. Il ruolo fondamentale della Comunit\u00e0 \u00e8 quello di promuovere e valorizzare il territorio e di esercitare in forma associata le funzioni ed i servizi dei Comuni. Nell\u2019attuazione dei propri fini istituzionali la Comunit\u00e0 Montana pu\u00f2: assumere funzioni e servizi propri dei Comuni che la costituiscono, quando sia dagli stessi delegata a svolgerli; ci\u00f2 consente di realizzarli in forma pi\u00f9 economica ed efficiente. La C. M. pu\u00f2 gestire gli interventi speciali per la montagna stabiliti dalla Comunit\u00e0 Economica Europea e dalle leggi statali e comunali.\u00a0La C. M. pu\u00f2 essere destinataria di deleghe dello Stato, della regione e della Provincia. La Comunit\u00e0 Montana, quale centro di sviluppo e di progresso civile \u00e8 punto d\u2019incontro delle singole esigenze comunali in una realt\u00e0 intercomunale. Pu\u00f2 inoltre svolgere, in rapporto alle proprie disponibilit\u00e0 finanziarie, altre attivit\u00e0 e servizi di pubblico interesse nel territorio, non devolute per legge alla competenza di altri Enti. Si tratta quindi di un\u00a0<strong>Ente autonomo al servizio dei Comuni, che ha per scopo il perseguimento di intereressi collettivi che travalicano l\u2019angusto limite territoriale comunale<\/strong>.<\/p>\r\n\r\n\r\n\r\n<p>L\u2019U.N.C.E.M. (Unione Nazionale Comuni, Comunit\u00e0 ed Enti Montani) \u00e8 l\u2019associazione cui aderiscono in Italia 350 Comunit\u00e0 Montane, 4195 Comuni classificati montani o parzialmente montani, alcune Province montane ed altri Enti operanti in montagna, quali i Consorzi di Bonifica, i Consorzi di Bacino Imbrifero, i Consorzi Forestali. Il territorio coperto dagli enti montani \u00e8 pari a circa il 54 % di quello nazionale, e vi risiedono oltre 10 milioni di abitanti. L\u2019UNICEM opera a livello nazionale in rappresentanza degli interessi di Enti montani, e agisce in modo da concorrere alla promozione e allo sviluppo dei territori montani sotto i profili sociale, economico, territoriale e ambientale.<\/p>\r\n","protected":false},"excerpt":{"rendered":"<p>La Comunit\u00e0 Montana \u00e8 un Ente Locale dotato di personalit\u00e0 giuridica e di un proprio Statuto (complesso di norme che ne disciplinano l\u2019organizzazione e il funzionamento), costituito da Comuni Montani, il cui territorio \u00e8 compreso in una zona omogenea individuata con legge regionale. La legge 8 giugno 1990, n. 142, prevede quattro categorie di Enti<\/p><\/div>\n<div class=\"blog-btn\"><a href=\"https:\/\/www.xxicomunitamontana.fr.it\/\" class=\"home-blog-btn\">Leggi tutto<\/a><\/p>\n","protected":false},"author":1,"featured_media":0,"parent":0,"menu_order":0,"comment_status":"closed","ping_status":"closed","template":"","meta":[],"_links":{"self":[{"href":"https:\/\/www.xxicomunitamontana.fr.it\/index.php?rest_route=\/wp\/v2\/pages\/403"}],"collection":[{"href":"https:\/\/www.xxicomunitamontana.fr.it\/index.php?rest_route=\/wp\/v2\/pages"}],"about":[{"href":"https:\/\/www.xxicomunitamontana.fr.it\/index.php?rest_route=\/wp\/v2\/types\/page"}],"author":[{"embeddable":true,"href":"https:\/\/www.xxicomunitamontana.fr.it\/index.php?rest_route=\/wp\/v2\/users\/1"}],"replies":[{"embeddable":true,"href":"https:\/\/www.xxicomunitamontana.fr.it\/index.php?rest_route=%2Fwp%2Fv2%2Fcomments&post=403"}],"version-history":[{"count":3,"href":"https:\/\/www.xxicomunitamontana.fr.it\/index.php?rest_route=\/wp\/v2\/pages\/403\/revisions"}],"predecessor-version":[{"id":459,"href":"https:\/\/www.xxicomunitamontana.fr.it\/index.php?rest_route=\/wp\/v2\/pages\/403\/revisions\/459"}],"wp:attachment":[{"href":"https:\/\/www.xxicomunitamontana.fr.it\/index.php?rest_route=%2Fwp%2Fv2%2Fmedia&parent=403"}],"curies":[{"name":"wp","href":"https:\/\/api.w.org\/{rel}","templated":true}]}}